{"id":868,"date":"2020-05-11T10:48:42","date_gmt":"2020-05-11T10:48:42","guid":{"rendered":"http:\/\/www.dominikafalger.com\/cms\/?page_id=868"},"modified":"2025-09-14T15:52:37","modified_gmt":"2025-09-14T15:52:37","slug":"biografia","status":"publish","type":"page","link":"https:\/\/www.dominikafalger.com\/cms\/pl\/biografia\/","title":{"rendered":"Biografia"},"content":{"rendered":"<p>[vc_row css_animation=&#8221;&#8221; row_type=&#8221;row&#8221; use_row_as_full_screen_section=&#8221;no&#8221; type=&#8221;full_width&#8221; angled_section=&#8221;no&#8221; text_align=&#8221;left&#8221; background_image_as_pattern=&#8221;without_pattern&#8221;][vc_column width=&#8221;1\/6&#8243;][\/vc_column][vc_column width=&#8221;2\/3&#8243;][vc_column_text]<\/p>\n<h2>Biografia<\/h2>\n<p>[\/vc_column_text][vc_separator type=&#8221;transparent&#8221; down=&#8221;20&#8243;][vc_column_text]<\/p>\n<div>\n<div dir=\"ltr\">Dominika Falger urodzi\u0142a si\u0119 w Krakowie. Nauk\u0119 gry na skrzypcach rozpocz\u0119\u0142a w wieku 4 lat u swojego ojca. Uko\u0144czy\u0142a z wyr\u00f3\u017cnieniem Akademi\u0119 Muzyczn\u0105 w Poznaniu u prof. J. Kaliszewskiej i prof. M. Baranowskiego oraz Uniwersytety w Wiedniu i Grazu (prof. E.Z. Zienkowski, Y. Kless, J. Pospichal), ponadto Studia muzyki dawnej u prof. I. Rainera i prof. H. Kurosaki. W latach 1997-2005 by\u0142a asystentk\u0105 prof. Y. Klessa na Universit\u00e4t f\u00fcr Musik und darstellende Kunst w Grazu.<\/div>\n<div dir=\"ltr\">&nbsp;<\/div>\n<\/div>\n<div>\n<div dir=\"ltr\">Zdobywczyni I nagrody na Og\u00f3lnopolskim Konkursie Skrzypcowym Konkursie im. Zdzis\u0142awa Jahnkego w Poznaniu, na Mi\u0119dzynarodowym Konkursie Muzyki Kameralnej w \u0141odzi jest r\u00f3wnie\u017c laureatk\u0105 innych krajowych i mi\u0119dzynarodowych konkurs\u00f3w skrzypcowych, m.in. : Pablo de Sarasate w Pampelunie\/Hiszpania, Rodolfo Lipizera w Gorizii\/ W\u0142ochy, Johannesa Brahmsa w P\u00f6rtschach\/ Austria, Henryka Wieniawskiego<br \/>\ni Karola Lipi\u0144skiego w Lublinie, Karola Szymanowskiego w \u0141odzi, Tadeusza Wro\u0144skiego w Warszawie.<\/div>\n<div dir=\"ltr\">&nbsp;<\/div>\n<\/div>\n<p>Koncertowa\u0142a niemal we wszystkich krajach Europy, USA oraz na Bliskim i Dalekim Wschodzie. Jako solistka wsp\u00f3\u0142pracowa\u0142a z wieloma orkiestrami w Polsce, Europie, Korei Po\u0142udniowej i USA. W swoim dorobku posiada nagrania p\u0142ytowe koncert\u00f3w skrzypcowych P. Czajkowskiego, K. Lipi\u0144skiego oraz wszystkich utwor\u00f3w na skrzypce i orkiestr\u0119 W.A. Mozarta (Dux).<\/p>\n<p>Wsp\u00f3\u0142tworzy Gli\u00e8re Quartet, z kt\u00f3rym koncertuje w wielu krajach Europy i na renomowanych festiwalach muzycznych. Zesp\u00f3\u0142 wsp\u00f3\u0142pracuje z Firm\u0105 DUX Recording Producers &#8211; nagra\u0142 wysoko ocenione przez recenzent\u00f3w europejskich kwartety R.Gli\u00e9ra, J. Wieniawskiego, A. Brucknera, F. Mendelssohna i M. Ravela. Dominika Falger jest profesorem Musik und Kunst Privatuniversit\u00e4t der Stadt Wien, wyk\u0142ada r\u00f3wnie\u017c na Universit\u00e4t f\u00fcr Musik und darstellende Kunst w Grazu. Zasiada w jury mi\u0119dzynarodowych konkurs\u00f3w skrzypcowych oraz prowadzi mistrzowskie kursy muzyczne we W\u0142oszech, Austrii, Polsce i na S\u0142owacji.<\/p>\n<p>Od 1999 roku jest koncertmistrzem grupy II skrzypiec w orkiestrze Wiener Symphoniker.[\/vc_column_text][vc_column_text]&nbsp;<\/p>\n<p><a href=\"https:\/\/www.dominikafalger.com\/cms\/wp-content\/uploads\/2025\/08\/lebenslauf_2025_PL.pdf\">\u00bb pobierz biografi\u0119 (.pdf)<\/a><\/p>\n<p>&nbsp;<\/p>\n<p>&nbsp;<\/p>\n<p>&nbsp;[\/vc_column_text][vc_separator type=&#8221;transparent&#8221; down=&#8221;30&#8243;][\/vc_column][vc_column width=&#8221;1\/6&#8243;][\/vc_column][\/vc_row]<\/p>\n","protected":false},"excerpt":{"rendered":"<p>[vc_row css_animation=&#8221;&#8221; row_type=&#8221;row&#8221; use_row_as_full_screen_section=&#8221;no&#8221; type=&#8221;full_width&#8221; angled_section=&#8221;no&#8221; text_align=&#8221;left&#8221; background_image_as_pattern=&#8221;without_pattern&#8221;][vc_column width=&#8221;1\/6&#8243;][\/vc_column][vc_column width=&#8221;2\/3&#8243;][vc_column_text] Biografia [\/vc_column_text][vc_separator type=&#8221;transparent&#8221; down=&#8221;20&#8243;][vc_column_text] Dominika Falger urodzi\u0142a si\u0119 w Krakowie. Nauk\u0119 gry na skrzypcach rozpocz\u0119\u0142a w wieku 4 lat u swojego ojca. Uko\u0144czy\u0142a z wyr\u00f3\u017cnieniem Akademi\u0119 Muzyczn\u0105 w Poznaniu u prof. J. Kaliszewskiej i prof&#8230;.<\/p>\n","protected":false},"author":2,"featured_media":0,"parent":0,"menu_order":1,"comment_status":"open","ping_status":"open","template":"","meta":{"ngg_post_thumbnail":0,"footnotes":""},"_links":{"self":[{"href":"https:\/\/www.dominikafalger.com\/cms\/wp-json\/wp\/v2\/pages\/868"}],"collection":[{"href":"https:\/\/www.dominikafalger.com\/cms\/wp-json\/wp\/v2\/pages"}],"about":[{"href":"https:\/\/www.dominikafalger.com\/cms\/wp-json\/wp\/v2\/types\/page"}],"author":[{"embeddable":true,"href":"https:\/\/www.dominikafalger.com\/cms\/wp-json\/wp\/v2\/users\/2"}],"replies":[{"embeddable":true,"href":"https:\/\/www.dominikafalger.com\/cms\/wp-json\/wp\/v2\/comments?post=868"}],"version-history":[{"count":11,"href":"https:\/\/www.dominikafalger.com\/cms\/wp-json\/wp\/v2\/pages\/868\/revisions"}],"predecessor-version":[{"id":1093,"href":"https:\/\/www.dominikafalger.com\/cms\/wp-json\/wp\/v2\/pages\/868\/revisions\/1093"}],"wp:attachment":[{"href":"https:\/\/www.dominikafalger.com\/cms\/wp-json\/wp\/v2\/media?parent=868"}],"curies":[{"name":"wp","href":"https:\/\/api.w.org\/{rel}","templated":true}]}}