{"id":11,"date":"2011-04-05T18:03:02","date_gmt":"2011-04-05T18:03:02","guid":{"rendered":"http:\/\/www.dominikafalger.com\/cms\/?page_id=11"},"modified":"2025-09-14T15:36:02","modified_gmt":"2025-09-14T15:36:02","slug":"biographie","status":"publish","type":"page","link":"https:\/\/www.dominikafalger.com\/cms\/","title":{"rendered":"Biographie"},"content":{"rendered":"<p>[vc_row css_animation=&#8221;&#8221; row_type=&#8221;row&#8221; use_row_as_full_screen_section=&#8221;no&#8221; type=&#8221;full_width&#8221; angled_section=&#8221;no&#8221; text_align=&#8221;left&#8221; background_image_as_pattern=&#8221;without_pattern&#8221;][vc_column width=&#8221;1\/6&#8243;][\/vc_column][vc_column width=&#8221;2\/3&#8243;][vc_column_text]<\/p>\n<h2>Biographie<\/h2>\n<p>[\/vc_column_text][vc_separator type=&#8221;transparent&#8221; down=&#8221;20&#8243;][vc_column_text]<\/p>\n<p data-start=\"66\" data-end=\"97\">Dominika Falger geboren in Krakau, begann im Alter von vier Jahren den Geigenunterricht bei ihrem Vater. Mit Auszeichnung schloss sie ihr Studium an der Musikakademie in Posen bei Prof. J. Kaliszewska und Prof. M. Baranowski sowie an den Universit\u00e4ten in Wien und Graz (Prof. E. Z. Zienkowski, Y. Kless, J. Pospichal) ab. Zudem studierte sie Alte Musik bei Prof. I. Rainer und Prof. H. Kurosaki. Von 1997 bis 2005 war sie Assistentin von Prof. Y. Kless an der Universit\u00e4t f\u00fcr Musik und darstellende Kunst in Graz.<\/p>\n<p data-start=\"613\" data-end=\"1194\">Sie ist Preistr\u00e4gerin des 1. Preises beim Nationalen Zdzis\u0142aw-Jahnke-Geigenwettbewerb in Posen sowie des Internationalen Kammermusikwettbewerbs in \u0141\u00f3d\u017a und wurde auch bei zahlreichen weiteren nationalen und internationalen Wettbewerben ausgezeichnet, u. a. beim Pablo-de-Sarasate-Wettbewerb in Pamplona\/Spanien, beim Rodolfo-Lipizer-Wettbewerb in Gorizia\/Italien, beim Johannes-Brahms-Wettbewerb in P\u00f6rtschach\/\u00d6sterreich, beim Henryk-Wieniawski- und Karol-Lipi\u0144ski-Wettbewerb in Lublin, beim Karol-Szymanowski-Wettbewerb in \u0141\u00f3d\u017a sowie beim Tadeusz-Wro\u0144ski-Wettbewerb in Warschau.<\/p>\n<p data-start=\"1196\" data-end=\"1915\">Sie konzertierte nahezu in allen L\u00e4ndern Europas, in den USA sowie im Nahen und Fernen Osten. Als Solistin arbeitete sie mit zahlreichen Orchestern in Polen, Europa, S\u00fcdkorea und den USA zusammen. Ihr Schaffen umfasst CD-Einspielungen der Violinkonzerte von P. Tschaikowski, K. Lipi\u0144ski sowie s\u00e4mtlicher Werke f\u00fcr Violine und Orchester von W. A. Mozart (Dux). Sie ist Mitbegr\u00fcnderin des Gli\u00e8re Quartet, mit dem sie in vielen europ\u00e4ischen L\u00e4ndern sowie auf renommierten Musikfestivals auftritt. Das Ensemble arbeitet mit dem Label DUX Recording Producers zusammen und hat von der europ\u00e4ischen Kritik hochgelobte Aufnahmen von Quartetten von R. Gli\u00e8re, J. Wieniawski, A. Bruckner, F. Mendelssohn und M. Ravel vorgelegt.<\/p>\n<p data-start=\"1917\" data-end=\"2312\">Dominika Falger ist Professorin an der Musik und Kunst Privatuniversit\u00e4t der Stadt Wien und unterrichtet zudem an der Universit\u00e4t f\u00fcr Musik und darstellende Kunst Graz. Sie wirkt als Jurorin bei internationalen Violinwettbewerben und leitet Meisterkurse in Italien, \u00d6sterreich, Polen und der Slowakei. Seit 1999 ist sie Stimmf\u00fchrerin der zweiten Violinen beim Orchester der Wiener Symphoniker.<\/p>\n<p>[\/vc_column_text][vc_column_text]&nbsp;<\/p>\n<p><a href=\"http:\/\/www.dominikafalger.com\/cms\/wp-content\/uploads\/2020\/05\/lebenslauf_2020_DE.pdf\">\u00bb Lebenslauf downloaden (.pdf)<\/a><\/p>\n<p>&nbsp;<\/p>\n<p>&nbsp;[\/vc_column_text][vc_separator type=&#8221;transparent&#8221; down=&#8221;30&#8243;][\/vc_column][vc_column width=&#8221;1\/6&#8243;][\/vc_column][\/vc_row]<\/p>\n","protected":false},"excerpt":{"rendered":"<p>[vc_row css_animation=&#8221;&#8221; row_type=&#8221;row&#8221; use_row_as_full_screen_section=&#8221;no&#8221; type=&#8221;full_width&#8221; angled_section=&#8221;no&#8221; text_align=&#8221;left&#8221; background_image_as_pattern=&#8221;without_pattern&#8221;][vc_column width=&#8221;1\/6&#8243;][\/vc_column][vc_column width=&#8221;2\/3&#8243;][vc_column_text] Biographie [\/vc_column_text][vc_separator type=&#8221;transparent&#8221; down=&#8221;20&#8243;][vc_column_text] Dominika Falger geboren in Krakau, begann im Alter von vier Jahren den Geigenunterricht bei ihrem Vater. Mit Auszeichnung schloss sie ihr Studium an der Musikakademie in Posen bei Prof. J. Kaliszewska&#8230;<\/p>\n","protected":false},"author":2,"featured_media":0,"parent":0,"menu_order":1,"comment_status":"open","ping_status":"open","template":"","meta":{"ngg_post_thumbnail":0,"footnotes":""},"_links":{"self":[{"href":"https:\/\/www.dominikafalger.com\/cms\/wp-json\/wp\/v2\/pages\/11"}],"collection":[{"href":"https:\/\/www.dominikafalger.com\/cms\/wp-json\/wp\/v2\/pages"}],"about":[{"href":"https:\/\/www.dominikafalger.com\/cms\/wp-json\/wp\/v2\/types\/page"}],"author":[{"embeddable":true,"href":"https:\/\/www.dominikafalger.com\/cms\/wp-json\/wp\/v2\/users\/2"}],"replies":[{"embeddable":true,"href":"https:\/\/www.dominikafalger.com\/cms\/wp-json\/wp\/v2\/comments?post=11"}],"version-history":[{"count":67,"href":"https:\/\/www.dominikafalger.com\/cms\/wp-json\/wp\/v2\/pages\/11\/revisions"}],"predecessor-version":[{"id":1092,"href":"https:\/\/www.dominikafalger.com\/cms\/wp-json\/wp\/v2\/pages\/11\/revisions\/1092"}],"wp:attachment":[{"href":"https:\/\/www.dominikafalger.com\/cms\/wp-json\/wp\/v2\/media?parent=11"}],"curies":[{"name":"wp","href":"https:\/\/api.w.org\/{rel}","templated":true}]}}